{"id":3087,"date":"2025-08-27T17:49:34","date_gmt":"2025-08-27T17:49:34","guid":{"rendered":"http:\/\/www.atasanambalaj.com.tr\/?post_type=product&#038;p=3087"},"modified":"2025-09-01T09:24:58","modified_gmt":"2025-09-01T09:24:58","slug":"diger-urunler-karton-seperatoru","status":"publish","type":"product","link":"https:\/\/www.atasanambalaj.com.tr\/index.php\/product\/diger-urunler-karton-seperatoru\/","title":{"rendered":"Di\u011fer \u00dcr\u00fcnler"},"content":{"rendered":"<h3 style=\"text-align: left;\" data-start=\"865\" data-end=\"880\">Seperat\u00f6r<\/h3>\n<p style=\"text-align: left;\" data-start=\"881\" data-end=\"1220\"><strong data-start=\"881\" data-end=\"912\">Oluklu mukavva seperat\u00f6rler<\/strong>, kutu i\u00e7inde \u00e7oklu \u00fcr\u00fcnlerin g\u00fcvenle ta\u015f\u0131nmas\u0131 i\u00e7in kullan\u0131lan ay\u0131r\u0131c\u0131 malzemelerdir. \u0130stenilen g\u00f6z say\u0131s\u0131na g\u00f6re \u00fcretilebilir. <strong data-start=\"1041\" data-end=\"1124\">Cam \u015fi\u015feler, kozmetik \u00fcr\u00fcnler, ila\u00e7 \u015fi\u015feleri, kavanozlar ve elektronik par\u00e7alar<\/strong> gibi tek tek korunmas\u0131 gereken \u00fcr\u00fcnlerin g\u00fcvenli \u015fekilde ayn\u0131 kutu i\u00e7inde ta\u015f\u0131nmas\u0131n\u0131 sa\u011flar.<\/p>\n<h3 style=\"text-align: left;\" data-start=\"1222\" data-end=\"1237\">Ara B\u00f6lme<\/h3>\n<p style=\"text-align: left;\" data-start=\"1238\" data-end=\"1533\"><strong data-start=\"1238\" data-end=\"1260\">Ara b\u00f6lme levhalar<\/strong>, kutu i\u00e7ini yatay veya dikey olarak b\u00f6ler. \u00d6zellikle <strong data-start=\"1314\" data-end=\"1375\">cam \u00fcr\u00fcnler, porselen, \u015fi\u015fe, kavanoz ve hassas ekipmanlar<\/strong> i\u00e7in \u00fcr\u00fcnler aras\u0131nda temas engellenir. Ara b\u00f6lmeler, istifleme s\u0131ras\u0131nda \u00fcr\u00fcnlerin sabit kalmas\u0131n\u0131 ve kutu i\u00e7inde d\u00fczenli bir yap\u0131 olu\u015fturulmas\u0131n\u0131 sa\u011flar.<\/p>\n<h3 style=\"text-align: left;\" data-start=\"1535\" data-end=\"1554\">\u00c7evre Takviye<\/h3>\n<p style=\"text-align: left;\" data-start=\"1555\" data-end=\"1848\"><strong data-start=\"1555\" data-end=\"1582\">\u00c7evre takviye par\u00e7alar\u0131<\/strong>, kutunun yan y\u00fczeylerini g\u00fc\u00e7lendirir. Kutu i\u00e7 \u00f6l\u00e7\u00fclerine uygun \u015fekilde rillenerek haz\u0131rlan\u0131r. \u00d6zellikle <strong data-start=\"1687\" data-end=\"1741\">a\u011f\u0131r y\u00fck ta\u015f\u0131mac\u0131l\u0131\u011f\u0131nda ve ihracat ambalajlar\u0131nda<\/strong> kutular\u0131n istifleme dayan\u0131m\u0131n\u0131 art\u0131r\u0131r. Yan duvarlardaki mukavemeti g\u00fc\u00e7lendirerek deformasyonu engeller.<\/p>\n<h3 style=\"text-align: left;\" data-start=\"1850\" data-end=\"1871\">Te\u015fhir Kutular\u0131<\/h3>\n<p style=\"text-align: left;\" data-start=\"1872\" data-end=\"2293\"><strong data-start=\"1872\" data-end=\"1891\">Te\u015fhir kutular\u0131<\/strong>, sat\u0131\u015f noktalar\u0131nda \u00fcr\u00fcn\u00fc do\u011frudan t\u00fcketiciye sunmak i\u00e7in \u00f6zel tasarlan\u0131r. Standart FEFCO kodlar\u0131n\u0131n d\u0131\u015f\u0131nda, \u00f6zg\u00fcn tasar\u0131mlarla \u00fcretilir. <strong data-start=\"2031\" data-end=\"2091\">Marketler, ma\u011fazalar, kampanyalar ve promosyon sat\u0131\u015flar\u0131<\/strong> i\u00e7in kullan\u0131l\u0131r. K\u0131smen veya tamamen a\u00e7\u0131k yap\u0131s\u0131yla \u00fcr\u00fcnlerin rafta g\u00f6r\u00fcnmesini sa\u011flar. \u00dczerine yap\u0131lacak \u00f6zel bask\u0131larla <strong data-start=\"2214\" data-end=\"2255\">marka tan\u0131t\u0131m\u0131 ve reklam kampanyalar\u0131<\/strong> i\u00e7in etkili bir pazarlama arac\u0131d\u0131r.<\/p>\n<table class=\" alignleft\">\n<thead>\n<tr>\n<th><strong>\u00dcr\u00fcn<\/strong><\/th>\n<th><strong>Tan\u0131m\u0131<\/strong><\/th>\n<th><strong>Kullan\u0131m Alanlar\u0131<\/strong><\/th>\n<\/tr>\n<\/thead>\n<tbody>\n<tr>\n<td><strong>Seperat\u00f6r<\/strong><\/td>\n<td>Kutu i\u00e7ini g\u00f6zlere ay\u0131ran koruyucu par\u00e7a<\/td>\n<td>Cam \u015fi\u015fe, kozmetik, ila\u00e7, kavanoz, elektronik par\u00e7alar<\/td>\n<\/tr>\n<tr>\n<td><strong>Ara B\u00f6lme<\/strong><\/td>\n<td>Kutu i\u00e7ini yatay\/dikey b\u00f6len levha<\/td>\n<td>Hassas \u00fcr\u00fcnler, porselen, cam e\u015fyalar<\/td>\n<\/tr>\n<tr>\n<td><strong>\u00c7evre Takviye<\/strong><\/td>\n<td>Yan y\u00fczeyleri g\u00fc\u00e7lendiren par\u00e7alar<\/td>\n<td>A\u011f\u0131r y\u00fck ta\u015f\u0131mac\u0131l\u0131\u011f\u0131, ihracat kolileri<\/td>\n<\/tr>\n<tr>\n<td><strong>Te\u015fhir Kutular\u0131<\/strong><\/td>\n<td>Raf ve sat\u0131\u015f noktas\u0131 i\u00e7in \u00f6zel tasar\u0131m kutular<\/td>\n<td>Market, ma\u011faza, promosyon, kampanya sat\u0131\u015flar\u0131<\/td>\n<\/tr>\n<\/tbody>\n<\/table>\n<h3 style=\"text-align: left;\" data-start=\"778\" data-end=\"806\"><\/h3>\n","protected":false},"excerpt":{"rendered":"<p style=\"text-align: left;\">Atasan Ambalaj, kutu \u00fcretiminde kullan\u0131lan tamamlay\u0131c\u0131 \u00fcr\u00fcnlerle ambalaj \u00e7\u00f6z\u00fcmlerini daha dayan\u0131kl\u0131, i\u015flevsel ve estetik hale getirir. <strong data-start=\"652\" data-end=\"710\">Seperat\u00f6r, ara b\u00f6lme, \u00e7evre takviye ve te\u015fhir kutular\u0131<\/strong> ile \u00fcr\u00fcnlerinizi g\u00fcvenle paketleyebilir, ayn\u0131 zamanda sat\u0131\u015f noktalar\u0131nda markan\u0131z\u0131 \u00f6ne \u00e7\u0131karabilirsiniz.<\/p>\n","protected":false},"featured_media":3088,"template":"","meta":[],"product_brand":[],"product_cat":[15],"product_tag":[102,103,111,106,101,110,107,105,109,108,100,104],"class_list":{"0":"post-3087","1":"product","2":"type-product","3":"status-publish","4":"has-post-thumbnail","6":"product_cat-urun-gruplari","7":"product_tag-ara-bolme-mukavva","8":"product_tag-cevre-takviye-kutu","9":"product_tag-e-ticaret-kutu-destek-urunleri","10":"product_tag-kutu-ici-bolme","11":"product_tag-kutu-ici-seperator","12":"product_tag-market-teshir-standi","13":"product_tag-mukavva-takviye","14":"product_tag-oluklu-mukavva-seperator","15":"product_tag-promosyon-teshir-kutulari","16":"product_tag-satis-noktasi-teshir-kutusu","17":"product_tag-seperator-kutu","18":"product_tag-teshir-kutusu","20":"first","21":"instock","22":"shipping-taxable","23":"product-type-simple","24":"new","25":"layout-style-6","26":"col-md-4 col-sm-4 col-xs-6","27":"col-lg-3","28":"product-style-addtocart"},"_links":{"self":[{"href":"https:\/\/www.atasanambalaj.com.tr\/index.php\/wp-json\/wp\/v2\/product\/3087","targetHints":{"allow":["GET"]}}],"collection":[{"href":"https:\/\/www.atasanambalaj.com.tr\/index.php\/wp-json\/wp\/v2\/product"}],"about":[{"href":"https:\/\/www.atasanambalaj.com.tr\/index.php\/wp-json\/wp\/v2\/types\/product"}],"wp:featuredmedia":[{"embeddable":true,"href":"https:\/\/www.atasanambalaj.com.tr\/index.php\/wp-json\/wp\/v2\/media\/3088"}],"wp:attachment":[{"href":"https:\/\/www.atasanambalaj.com.tr\/index.php\/wp-json\/wp\/v2\/media?parent=3087"}],"wp:term":[{"taxonomy":"product_brand","embeddable":true,"href":"https:\/\/www.atasanambalaj.com.tr\/index.php\/wp-json\/wp\/v2\/product_brand?post=3087"},{"taxonomy":"product_cat","embeddable":true,"href":"https:\/\/www.atasanambalaj.com.tr\/index.php\/wp-json\/wp\/v2\/product_cat?post=3087"},{"taxonomy":"product_tag","embeddable":true,"href":"https:\/\/www.atasanambalaj.com.tr\/index.php\/wp-json\/wp\/v2\/product_tag?post=3087"}],"curies":[{"name":"wp","href":"https:\/\/api.w.org\/{rel}","templated":true}]}}